{"id":873,"date":"2024-01-29T15:08:15","date_gmt":"2024-01-29T14:08:15","guid":{"rendered":"https:\/\/dtfprint.store\/?post_type=product&#038;p=873"},"modified":"2026-05-12T12:28:14","modified_gmt":"2026-05-12T10:28:14","slug":"dtf-drucker-panther-602","status":"publish","type":"product","link":"https:\/\/dtfprint.store\/en\/product\/dtf-drucker-panther-602\/","title":{"rendered":"DTF Drucker Panther 602"},"content":{"rendered":"<div><span style=\"font-family: ARIAL; font-size: large;\"><b>DTF Drucker Panther 602 Komplettsystem f\u00fcr den Transferdruck bis 60 CM<\/b><\/span><\/div>\n<div><span style=\"font-family: ARIAL; font-size: medium;\">\u00a0<\/span><\/div>\n<div><span style=\"font-family: ARIAL; font-size: medium;\"><b>Produktbeschreibung<\/b><\/span><\/div>\n<p><span style=\"font-family: ARIAL; font-size: medium;\">Unser Panther 602 Rollendruck System ist die perfekte L\u00f6sung um hochwertige Transfer Filme bis zum 60 cm zu produzieren. Der Drucker ist mit zwei Epson i3200-A1 Druckk\u00f6pfen ausgestattet und wird mit CMYK und Wei\u00df betrieben.<br \/>\nNach dem Druck kann der Film manuell oder automatisch weiterverarbeitet werden, je nach vorhandenem Equipment. Das Ger\u00e4t ist modular aufgebaut. Alle Komponenten sind leicht und meist ohne Werkzeug zug\u00e4nglich, was die Wartungs-\/ und Systempflege enorm erleichtert.<br \/>\nDas Drucksystem eignet sich f\u00fcr DTF Ein-\/ oder Umsteiger, mit kleinen bis mittleren Volumen, die auf ein qualitativ h\u00f6herwertiges System umstellen m\u00f6chten.<br \/>\n<\/span><\/p>\n<p><span style=\"font-family: ARIAL; font-size: medium;\">Das Nachf\u00fcllen der Tinten ist leicht zug\u00e4nglich und kann w\u00e4hrend des Betriebs erfolgen, ohne den Druckvorgang zu unterbrechen. Ein Zirkulationssystem f\u00fcr Wei\u00df sorgt f\u00fcr einen konstanten Fluss der wei\u00dfen Tinte und verhindert die Sedimentierung der Pigmente.<\/span><\/p>\n<p>Die integrierte Filmansaugung h\u00e4lt den Film w\u00e4hrend des Druckvorgangs plan. Dadurch sind Materialcrash`s nahezu ausgeschlossen. Die zwei verbauten Heizungen (Vorw\u00e4rmung und Nachw\u00e4rmung) erm\u00f6glichen einen hohen Tintenauftrag und eine hohe Druckqualit\u00e4t.<\/p>\n<div class=\"item1\">\n<div class=\"item1\">\n<div class=\"item1\">\n<p><span style=\"font-family: ARIAL; font-size: medium;\"><b>Produktdetails Panther 602<br \/>\n<\/b><\/span><\/p>\n<p><span style=\"font-family: ARIAL; font-size: medium;\">Max Druckbreite: 60cm<br \/>\nDruckmedien: DTF PET Film-\/ oder Papier<br \/>\nDruckkopf: 2x Epson I3200-A1<br \/>\nDruckeranschluss: Gigabite LAN<br \/>\nMotherboard: Honson<br \/>\nRIP Software: Devstudio8, CadLlnk PrintFactory (optional)<br \/>\nBetriebssystem: Windows7\/ 10\/ 11<br \/>\nBetriebsbedingungen: 15-30 Grad Celsius, 35-65% Luftfeuchte<br \/>\nAufl\u00f6sung: 1440\/ 2160 dpi<br \/>\nGeschwindigkeit: ca. 14m die Stunde<\/span><\/p>\n<p><span lang=\"de-DE\">Vordere und hintere Filmheizung, Plattformsaugeinheit einstellbar, Tinten Zirkulation und R\u00fchreinheit der wei\u00dfen Tinte, Alarmsystem f\u00fcr Tintenmangel, Druckkopfreinigungsfunktion, Tintenstation mit automatischer Hebefunktion, LCD- und Multifunktions-Bedientastatur, Plattformansaugung einstellbar<\/span><\/p>\n<p>Elektrische Anschluss: 220V, 50\/60Hz, 15A, 3KW<\/p>\n<p><span style=\"font-family: ARIAL; font-size: medium;\">Gewicht: 115kg\/ Brutto<\/span><\/p>\n<\/div>\n<\/div>\n<\/div>\n<p><span style=\"font-family: ARIAL;\"><span style=\"font-size: medium;\"><br \/>\n<img loading=\"lazy\" decoding=\"async\" src=\"https:\/\/lfp-partner.eu\/bilder\/pfeil.gif\" alt=\"\" width=\"18\" height=\"13\" border=\"0\" \/><b>\u00a0Lieferumfang:<br \/>\n<\/b><br \/>\nUnser Angebot umfasst den Panther 602 Drucker selbst, inkl. der 2x i3200-A1 Druckk\u00f6pfe, sowie dem Unterstand. Der Drucker wird per Spedition geliefert und kann auch von &#8220;nicht Experten&#8221; in Betrieb genommen werden. Das Ger\u00e4t wird bereits vormontiert ausgeliefert. Druckk\u00f6pfe, Damper, Druckkopfkabel sind bereits installiert. Lediglich der Unterstand muss bei Bedarf montiert werden.<\/span><\/span><\/p>\n<p>Die Garantie betr\u00e4gt 12 Monate. Ausgenommen sind Verbrauchsmaterialien, sowie alle tintenf\u00fchrenden Teile.<\/p>\n<p>Eine RIP Software ist nicht im Lieferumfang enthalten und kann optional dazu bestellt werden.<br \/>\nDas gleiche gilt f\u00fcr Verbrauchsmaterialien wie DTF Film, Tinte und Granulat.<\/p>","protected":false},"excerpt":{"rendered":"<p>DTF Drucker Panther 602 Komplettsystem f\u00fcr den Transferdruck bis 60 CM \u00a0 Produktbeschreibung Unser Panther 602 Rollendruck System ist die perfekte L\u00f6sung um hochwertige Transfer Filme<span class=\"excerpt-hellip\"> [\u2026]<\/span><\/p>\n","protected":false},"featured_media":874,"comment_status":"open","ping_status":"closed","template":"","meta":[],"product_brand":[],"product_cat":[175,159],"product_tag":[],"class_list":{"0":"post-873","1":"product","2":"type-product","3":"status-publish","4":"has-post-thumbnail","6":"product_cat-drucker-drucker","7":"product_cat-drucker","9":"first","10":"instock","11":"taxable","12":"shipping-taxable","13":"purchasable","14":"product-type-simple"},"_links":{"self":[{"href":"https:\/\/dtfprint.store\/en\/wp-json\/wp\/v2\/product\/873","targetHints":{"allow":["GET"]}}],"collection":[{"href":"https:\/\/dtfprint.store\/en\/wp-json\/wp\/v2\/product"}],"about":[{"href":"https:\/\/dtfprint.store\/en\/wp-json\/wp\/v2\/types\/product"}],"replies":[{"embeddable":true,"href":"https:\/\/dtfprint.store\/en\/wp-json\/wp\/v2\/comments?post=873"}],"wp:featuredmedia":[{"embeddable":true,"href":"https:\/\/dtfprint.store\/en\/wp-json\/wp\/v2\/media\/874"}],"wp:attachment":[{"href":"https:\/\/dtfprint.store\/en\/wp-json\/wp\/v2\/media?parent=873"}],"wp:term":[{"taxonomy":"product_brand","embeddable":true,"href":"https:\/\/dtfprint.store\/en\/wp-json\/wp\/v2\/product_brand?post=873"},{"taxonomy":"product_cat","embeddable":true,"href":"https:\/\/dtfprint.store\/en\/wp-json\/wp\/v2\/product_cat?post=873"},{"taxonomy":"product_tag","embeddable":true,"href":"https:\/\/dtfprint.store\/en\/wp-json\/wp\/v2\/product_tag?post=873"}],"curies":[{"name":"wp","href":"https:\/\/api.w.org\/{rel}","templated":true}]}}