{"id":885,"date":"2024-02-19T13:19:29","date_gmt":"2024-02-19T12:19:29","guid":{"rendered":"https:\/\/dtfprint.store\/?post_type=product&#038;p=885"},"modified":"2025-07-11T11:32:33","modified_gmt":"2025-07-11T09:32:33","slug":"dtf-powder-60","status":"publish","type":"product","link":"https:\/\/dtfprint.store\/en\/product\/dtf-powder-60\/","title":{"rendered":"DTF Pather Dry"},"content":{"rendered":"<div><span style=\"font-family: ARIAL; font-size: large;\"><b>DTF Powder 60 Bepulverungsmaschine f\u00fcr Material bis 60 cm<\/b><\/span><\/div>\n<div><span style=\"font-family: ARIAL; font-size: medium;\">\u00a0<\/span><\/div>\n<div><span style=\"font-family: ARIAL; font-size: medium;\"><b>Produktbeschreibung<\/b><\/span><\/div>\n<p><span style=\"font-family: ARIAL; font-size: medium;\">Unsere Pudereinheit hat folgende Vorteile:<\/span><\/p>\n<ul>\n<li>zero Film<\/li>\n<li>Puderzirkulation<\/li>\n<li>Kompakt und trotzdem ein Langer Trockentunnel<\/li>\n<li>Automatische Aufwicklung<\/li>\n<li>Vibrations Pudereinheit<\/li>\n<li>F\u00f6rderband<\/li>\n<li>Automatische Hitze regulierung<\/li>\n<li>Front Heizplatte<\/li>\n<li>Easy Clean<\/li>\n<\/ul>\n<p>Diese Pudereinheit bietet viele vorteile. Durch seine kompakte Bauweise passt dieser Trockner durch Normale T\u00fcren. Dank der Pulverzirkulation muss die Maschine minimal beobachtet werden. Verwendetes Pulver wird aufgefangen und durch einen Vaccum zum Pulvervorrat bef\u00f6rdert. So muss die Pulverzugabe nicht \u00fcberacht werden. Ebenso kann durch verwenden des Auffangbeh\u00e4lters die Maschine in unter 10 Minuten das komplette Pulver aus dem System gewechselt werden.<br \/>\nDas Transportband welches zus\u00e4tzlich mit einer Vaccum einheit versehen ist erlaubt das man keinen Film vorlauf ben\u00f6tigt. Ebenso kann auf ein nachlauf des Files verzichtet werden. So muss kein Film mehr weggeschmissen werden.<br \/>\nDie Maschine hat auch eine Automatische Funktion um die Temperatur herunter zu regeln so das kein Film verbrennt falls das System zum stocken kommt. So kann das System unbeaufsichtigt gelassen werden.<br \/>\nDurch das eingebaute Touchscreen lassen sich viele Parameter einstellen:<\/p>\n<ul>\n<li>Temperatur der front Heizplatte<\/li>\n<li>Temperatur des Haupttrocken Kanals<\/li>\n<li>Temperatur des hinteren Trockenkanals<\/li>\n<li>Laufrichtung und geschwindigkeit des F\u00f6rderbandes (Vor\/Zur\u00fcck\/Stop)<\/li>\n<li>Schaker (an\/aus und Geschwindkeit)<\/li>\n<li>Vaccum F\u00f6rderband<\/li>\n<li>Bepulverung (Auto\/bepudern\/Puder auffang beh\u00e4ter leeren\/Zeit)<\/li>\n<\/ul>\n<p>Durch die<\/p>\n<div class=\"item1\">\n<div class=\"item1\">\n<div class=\"item1\">\n<p><span style=\"font-family: ARIAL; font-size: medium;\"><b>Produktdetails Powder 60<br \/>\n<\/b><\/span><\/p>\n<p><span style=\"font-family: ARIAL; font-size: medium;\">Maximal Medienbreite: 60cm<\/span><\/p>\n<p>&nbsp;<\/p>\n<p><span style=\"font-family: ARIAL; font-size: medium;\">Gewicht: 150kg\/ Brutto<\/span><\/p>\n<\/div>\n<\/div>\n<\/div>\n<p><span style=\"font-family: ARIAL;\"><span style=\"font-size: medium;\"><br \/>\n<img loading=\"lazy\" decoding=\"async\" src=\"https:\/\/lfp-partner.eu\/bilder\/pfeil.gif\" alt=\"\" width=\"18\" height=\"13\" border=\"0\" \/><b>\u00a0Lieferumfang:<br \/>\n<\/b><br \/>\n<\/span><\/span><\/p>\n<ul>\n<li><span style=\"font-family: ARIAL;\"><span style=\"font-size: medium;\">Pudereinheit<\/span><\/span><\/li>\n<li>Auffangbeh\u00e4lter<\/li>\n<li>Reinigungswerkzeug (Pinsel\/Staubsauger)<\/li>\n<li>Ersatz Heizst\u00e4be<\/li>\n<\/ul>\n<p>Die Garantie betr\u00e4gt 12 Monate.<\/p>","protected":false},"excerpt":{"rendered":"<p>DTF Powder 60 Bepulverungsmaschine f\u00fcr Material bis 60 cm \u00a0 Produktbeschreibung Unsere Pudereinheit hat folgende Vorteile: zero Film Puderzirkulation Kompakt und trotzdem ein Langer Trockentunnel Automatische<span class=\"excerpt-hellip\"> [\u2026]<\/span><\/p>\n","protected":false},"featured_media":886,"comment_status":"open","ping_status":"closed","template":"","meta":[],"product_brand":[],"product_cat":[175,159],"product_tag":[],"class_list":{"0":"post-885","1":"product","2":"type-product","3":"status-publish","4":"has-post-thumbnail","6":"product_cat-drucker-drucker","7":"product_cat-drucker","9":"first","10":"instock","11":"taxable","12":"shipping-taxable","13":"purchasable","14":"product-type-simple"},"_links":{"self":[{"href":"https:\/\/dtfprint.store\/en\/wp-json\/wp\/v2\/product\/885","targetHints":{"allow":["GET"]}}],"collection":[{"href":"https:\/\/dtfprint.store\/en\/wp-json\/wp\/v2\/product"}],"about":[{"href":"https:\/\/dtfprint.store\/en\/wp-json\/wp\/v2\/types\/product"}],"replies":[{"embeddable":true,"href":"https:\/\/dtfprint.store\/en\/wp-json\/wp\/v2\/comments?post=885"}],"wp:featuredmedia":[{"embeddable":true,"href":"https:\/\/dtfprint.store\/en\/wp-json\/wp\/v2\/media\/886"}],"wp:attachment":[{"href":"https:\/\/dtfprint.store\/en\/wp-json\/wp\/v2\/media?parent=885"}],"wp:term":[{"taxonomy":"product_brand","embeddable":true,"href":"https:\/\/dtfprint.store\/en\/wp-json\/wp\/v2\/product_brand?post=885"},{"taxonomy":"product_cat","embeddable":true,"href":"https:\/\/dtfprint.store\/en\/wp-json\/wp\/v2\/product_cat?post=885"},{"taxonomy":"product_tag","embeddable":true,"href":"https:\/\/dtfprint.store\/en\/wp-json\/wp\/v2\/product_tag?post=885"}],"curies":[{"name":"wp","href":"https:\/\/api.w.org\/{rel}","templated":true}]}}