{"id":894,"date":"2024-02-19T14:24:03","date_gmt":"2024-02-19T13:24:03","guid":{"rendered":"https:\/\/dtfprint.store\/?post_type=product&#038;p=894"},"modified":"2025-10-03T01:12:09","modified_gmt":"2025-10-02T23:12:09","slug":"php-45v2a-optima","status":"publish","type":"product","link":"https:\/\/dtfprint.store\/en\/product\/php-45v2a-optima\/","title":{"rendered":"PHP-45V2A AUTOMATIC Optima"},"content":{"rendered":"<ul>\n<li>Vollautomatischer Betrieb<\/li>\n<li>Einstellbare Entfernung zwischen Heizplatte und Membranplatte<\/li>\n<li>Selbstzentrierende, drehbare Heizplatte<\/li>\n<li>Sicherheitsrahmen<\/li>\n<li>Automatische \u00d6ffnung.<\/li>\n<li>Verschiedene Zeit-Einstellung f\u00fcr die Platten.<\/li>\n<li>Die Aluminiumplatten haben eine flache Oberfl\u00e4che und funkzionieren auch ohne Druckluft, als traditionelle Arbeitsplatten<\/li>\n<li>Wechselbare, drehbare Platten<\/li>\n<li>Arbeitsplatten mit oder ohne Membran<\/li>\n<li>Gro\u00dfer Druck.<\/li>\n<li>Heizleistung-Optimierung und Display.<\/li>\n<li>Anpassbares Steuerger\u00e4t.<\/li>\n<li>Z\u00e4hlwerk (Reset m\u00f6glich)<\/li>\n<li>Schutz gegen Einschaltung nach Stromausfall<\/li>\n<li>System-Pr\u00fcfung beim Einschalten<\/li>\n<li>Warnlicht bis die Presse die eingestellte Temperatur erreicht<\/li>\n<li>Heizelement in eine Aluminiumplatte gegossen<\/li>\n<li>Lebenslange Garantie f\u00fcr die Heizplatte<\/li>\n<li>Stabile Struktur, massiver Aufbau<\/li>\n<li>Heizplatte mit austauschbarem Teflonschutz.<\/li>\n<\/ul>\n<p>&nbsp;<\/p>\n<div class=\"title accordion-title\" data-role=\"accordion-title\">\n<h2>Beschreibung<\/h2>\n<\/div>\n<h3>Automatische\u00a0flache\u00a0Membrantransferpresse mit St\u00fctze und\u00a0zwei\u00a0Platten<\/h3>\n<div class=\"page\" title=\"Page 2\">\n<div class=\"section\">\n<div class=\"layoutArea\">\n<div class=\"column\">\n<p>Doppelte\u00a0pneumatische Transferpresse\u00a0mit\u00a040&#215;50 cm\u00a0Membranplatten. Wegen die zwei Platten kann man den Produktivit\u00e4t doppeln, aber Stromverbrauch\u00a0bleibt auf dem Niveau von eine Transferpresse mit eine Platte.\u00a0Auf die PLC-Kontrolleinheit kann man\u00a0zahlreiche Funktionen einstellen, zum Beispiel: verschiedene Zeitintervalle bei die Platten, oder den Wartezeit. Die St\u00fctze reduziert den Belastung der Transferpresse-Struktur, so sind die Chancen von Verschlei\u00df und Bruch auch reduziert. Die Transferpresse hat eine wechselbare, drehbare Membranplatte. Die selbstzentrierende Heizplatte hat einen Stecker. Die Transferpresse funkzioniert mit Membran- oder Traditionelle Platten auch. Die Entfernung zwischen Heizplatte und Arbeitsplatte ist entsprechend Materialdicke einstellbar. Differenz zwischen PHP-45V2A Maxima und Optima: die Maxima kann\u00a0einen h\u00f6heren Druckkraft erreichen.<\/p>\n<\/div>\n<\/div>\n<\/div>\n<\/div>\n<h2>Spezifikationen<\/h2>\n<table>\n<tbody>\n<tr>\n<td>platte, heizplatte<\/td>\n<td>40&#215;50 cm<\/td>\n<\/tr>\n<tr>\n<td>membranplatte<\/td>\n<td><i class=\"fas fa-check\" style=\"\" aria-hidden=\"true\"><\/i><\/td>\n<\/tr>\n<tr>\n<td>wechselbare platte<\/td>\n<td><i class=\"fas fa-check\" style=\"\" aria-hidden=\"true\"><\/i><\/td>\n<\/tr>\n<tr>\n<td>traditionelle platte<\/td>\n<td><i class=\"fas fa-check\" style=\"\" aria-hidden=\"true\"><\/i><\/td>\n<\/tr>\n<tr>\n<td>automatische \u00f6ffnung<\/td>\n<td><i class=\"fas fa-check\" style=\"\" aria-hidden=\"true\"><\/i><\/td>\n<\/tr>\n<tr>\n<td>leistung<\/td>\n<td>230 V \/ 2100 W<\/td>\n<\/tr>\n<tr>\n<td>druckluftverbrauch<\/td>\n<td>40<\/td>\n<\/tr>\n<tr>\n<td>max. druckkraft<\/td>\n<td>0.7<\/td>\n<\/tr>\n<tr>\n<td>max. materialdicke<\/td>\n<td>6 cm<\/td>\n<\/tr>\n<tr>\n<td>verstellbare plattenh\u00f6he<\/td>\n<td><i class=\"fas fa-check\" style=\"\" aria-hidden=\"true\"><\/i><\/td>\n<\/tr>\n<tr>\n<td>gr\u00f6sse<\/td>\n<td>105x85x60 cm<\/td>\n<\/tr>\n<tr>\n<td>gewicht<\/td>\n<td>125 kg<\/td>\n<\/tr>\n<\/tbody>\n<\/table>","protected":false},"excerpt":{"rendered":"<p>Vollautomatischer Betrieb Einstellbare Entfernung zwischen Heizplatte und Membranplatte Selbstzentrierende, drehbare Heizplatte Sicherheitsrahmen Automatische \u00d6ffnung. Verschiedene Zeit-Einstellung f\u00fcr die Platten. Die Aluminiumplatten haben eine flache Oberfl\u00e4che und<span class=\"excerpt-hellip\"> [\u2026]<\/span><\/p>\n","protected":false},"featured_media":897,"comment_status":"open","ping_status":"closed","template":"","meta":[],"product_brand":[],"product_cat":[173,164],"product_tag":[],"class_list":{"0":"post-894","1":"product","2":"type-product","3":"status-publish","4":"has-post-thumbnail","6":"product_cat-pneumatisch","7":"product_cat-pressen","9":"first","10":"instock","11":"taxable","12":"shipping-taxable","13":"purchasable","14":"product-type-simple"},"_links":{"self":[{"href":"https:\/\/dtfprint.store\/en\/wp-json\/wp\/v2\/product\/894","targetHints":{"allow":["GET"]}}],"collection":[{"href":"https:\/\/dtfprint.store\/en\/wp-json\/wp\/v2\/product"}],"about":[{"href":"https:\/\/dtfprint.store\/en\/wp-json\/wp\/v2\/types\/product"}],"replies":[{"embeddable":true,"href":"https:\/\/dtfprint.store\/en\/wp-json\/wp\/v2\/comments?post=894"}],"wp:featuredmedia":[{"embeddable":true,"href":"https:\/\/dtfprint.store\/en\/wp-json\/wp\/v2\/media\/897"}],"wp:attachment":[{"href":"https:\/\/dtfprint.store\/en\/wp-json\/wp\/v2\/media?parent=894"}],"wp:term":[{"taxonomy":"product_brand","embeddable":true,"href":"https:\/\/dtfprint.store\/en\/wp-json\/wp\/v2\/product_brand?post=894"},{"taxonomy":"product_cat","embeddable":true,"href":"https:\/\/dtfprint.store\/en\/wp-json\/wp\/v2\/product_cat?post=894"},{"taxonomy":"product_tag","embeddable":true,"href":"https:\/\/dtfprint.store\/en\/wp-json\/wp\/v2\/product_tag?post=894"}],"curies":[{"name":"wp","href":"https:\/\/api.w.org\/{rel}","templated":true}]}}