{"id":902,"date":"2024-02-19T14:37:40","date_gmt":"2024-02-19T13:37:40","guid":{"rendered":"https:\/\/dtfprint.store\/?post_type=product&#038;p=902"},"modified":"2025-09-18T10:56:07","modified_gmt":"2025-09-18T08:56:07","slug":"ssh-12na","status":"publish","type":"product","link":"https:\/\/dtfprint.store\/en\/product\/ssh-12na\/","title":{"rendered":"SSH-12NA"},"content":{"rendered":"<ul>\n<li>Austauschbare Heizplatte und Membranplatte<\/li>\n<li>Abnehmbarer Plattenhalter.<\/li>\n<li>Arbeitsplatten mit oder ohne Membran<\/li>\n<li>Automatische \u00f6ffnung.<\/li>\n<li>Gro\u00dfer Druck, sogar 1,5 kg\/cm\u00b2.<\/li>\n<li>Programierte oder manuelle Zeiteinstellung.<\/li>\n<li>Timer f\u00fcr Arbeitsschritte nach dem Pressvorgang<\/li>\n<li>Anpassbares Steuerger\u00e4t.<\/li>\n<li>Z\u00e4hlwerk (Reset m\u00f6glich)<\/li>\n<li>Schutz gegen Einschaltung nach Stromausfall<\/li>\n<li>System-Pr\u00fcfung beim Einschalten<\/li>\n<li>Warnlicht bis die Presse die eingestellte Temperatur erreicht<\/li>\n<li>Heizelement in eine Aluminiumplatte gegossen<\/li>\n<li>Lebenslange Garantie f\u00fcr die Heizplatte<\/li>\n<li>Stabile Struktur, massiver Aufbau<\/li>\n<li>Heizplatte mit austauschbarem Teflonschutz.<\/li>\n<\/ul>\n<p>&nbsp;<\/p>\n<div class=\"title accordion-title\" data-role=\"accordion-title\">\n<h2>Beschreibung<\/h2>\n<\/div>\n<h3>Automatisch \u00f6ffnende manuelle\u00a0Kombi-Transferpresse mit Membran<\/h3>\n<div class=\"page\" title=\"Page 1\">\n<div class=\"section\">\n<div class=\"layoutArea\">\n<div class=\"column\">\n<p>Kombi\u00a0Transferpresse mit eine\u00a015&#215;20\u00a0cm und Kappen Membranplatte und Heizplatte.\u00a0Wegen der neuen Struktur kann man die\u00a0Produkte\u00a0leicht \u00fcber die Platte ziehen und die Presse funkzioniert gut mit dickere Materialien auch.\u00a0Diese Membrantransferpresse ist die perfekte L\u00f6sung f\u00fcr kleinere Logos. Die Transferpresse ist mit kleinere Membranplatten ergr\u00e4nzbar. Eine gro\u00dfere Membranplatte f\u00fcr Kappen ist auch bestellbar.\u00a0Die Transferpresse funkzioniert mit Membran- oder Traditionelle Platten, und ohne Druckluft (als eine Traditionelle Transferpresse) auch.\u00a0 Die Transferpresse \u00f6ffnet sich automatisch.<\/p>\n<\/div>\n<\/div>\n<\/div>\n<\/div>\n<h2>Spezifikationen<\/h2>\n<table>\n<tbody>\n<tr>\n<td>platte, heizplatte<\/td>\n<td>Kappe: 13&#215;9, Platte: 15&#215;20 cm<\/td>\n<\/tr>\n<tr>\n<td>membranplatte<\/td>\n<td><i class=\"fas fa-check\" style=\"\" aria-hidden=\"true\"><\/i><\/td>\n<\/tr>\n<tr>\n<td>wechselbare platte<\/td>\n<td><i class=\"fas fa-check\" style=\"\" aria-hidden=\"true\"><\/i><\/td>\n<\/tr>\n<tr>\n<td>automatische \u00f6ffnung<\/td>\n<td><i class=\"fas fa-check\" style=\"\" aria-hidden=\"true\"><\/i><\/td>\n<\/tr>\n<tr>\n<td>leistung<\/td>\n<td>230 V \/ 450 W, 230 V \/ 750 W<\/td>\n<\/tr>\n<tr>\n<td>druckluftverbrauch<\/td>\n<td>10<\/td>\n<\/tr>\n<tr>\n<td>max. druckkraft<\/td>\n<td>1,5 \/ 0,7<\/td>\n<\/tr>\n<tr>\n<td>max. materialdicke<\/td>\n<td>1,5 cm<\/td>\n<\/tr>\n<tr>\n<td>gr\u00f6sse<\/td>\n<td>35x50x40 cm<\/td>\n<\/tr>\n<tr>\n<td>gewicht<\/td>\n<td>25 kg<\/td>\n<\/tr>\n<\/tbody>\n<\/table>","protected":false},"excerpt":{"rendered":"<p>Austauschbare Heizplatte und Membranplatte Abnehmbarer Plattenhalter. Arbeitsplatten mit oder ohne Membran Automatische \u00f6ffnung. Gro\u00dfer Druck, sogar 1,5 kg\/cm\u00b2. Programierte oder manuelle Zeiteinstellung. Timer f\u00fcr Arbeitsschritte nach<span class=\"excerpt-hellip\"> [\u2026]<\/span><\/p>\n","protected":false},"featured_media":905,"comment_status":"open","ping_status":"closed","template":"","meta":[],"product_brand":[],"product_cat":[174,164],"product_tag":[],"class_list":{"0":"post-902","1":"product","2":"type-product","3":"status-publish","4":"has-post-thumbnail","6":"product_cat-manuel","7":"product_cat-pressen","9":"first","10":"instock","11":"taxable","12":"shipping-taxable","13":"purchasable","14":"product-type-simple"},"_links":{"self":[{"href":"https:\/\/dtfprint.store\/en\/wp-json\/wp\/v2\/product\/902","targetHints":{"allow":["GET"]}}],"collection":[{"href":"https:\/\/dtfprint.store\/en\/wp-json\/wp\/v2\/product"}],"about":[{"href":"https:\/\/dtfprint.store\/en\/wp-json\/wp\/v2\/types\/product"}],"replies":[{"embeddable":true,"href":"https:\/\/dtfprint.store\/en\/wp-json\/wp\/v2\/comments?post=902"}],"wp:featuredmedia":[{"embeddable":true,"href":"https:\/\/dtfprint.store\/en\/wp-json\/wp\/v2\/media\/905"}],"wp:attachment":[{"href":"https:\/\/dtfprint.store\/en\/wp-json\/wp\/v2\/media?parent=902"}],"wp:term":[{"taxonomy":"product_brand","embeddable":true,"href":"https:\/\/dtfprint.store\/en\/wp-json\/wp\/v2\/product_brand?post=902"},{"taxonomy":"product_cat","embeddable":true,"href":"https:\/\/dtfprint.store\/en\/wp-json\/wp\/v2\/product_cat?post=902"},{"taxonomy":"product_tag","embeddable":true,"href":"https:\/\/dtfprint.store\/en\/wp-json\/wp\/v2\/product_tag?post=902"}],"curies":[{"name":"wp","href":"https:\/\/api.w.org\/{rel}","templated":true}]}}