{"id":903,"date":"2024-02-19T14:41:42","date_gmt":"2024-02-19T13:41:42","guid":{"rendered":"https:\/\/dtfprint.store\/?post_type=product&#038;p=903"},"modified":"2025-02-04T02:04:34","modified_gmt":"2025-02-04T01:04:34","slug":"sp-410a","status":"publish","type":"product","link":"https:\/\/dtfprint.store\/en\/product\/sp-410a\/","title":{"rendered":"SP-410A"},"content":{"rendered":"<ul>\n<li>Automatische \u00f6ffnung.<\/li>\n<li>Gro\u00dfer Druck.<\/li>\n<li>Programierte oder manuelle Zeiteinstellung.<\/li>\n<li>Timer f\u00fcr Arbeitsschritte nach dem Pressvorgang<\/li>\n<li>Anpassbares Steuerger\u00e4t.<\/li>\n<li>Z\u00e4hlwerk (Reset m\u00f6glich)<\/li>\n<li>Schutz gegen Einschaltung nach Stromausfall<\/li>\n<li>System-Pr\u00fcfung beim Einschalten<\/li>\n<li>Warnlicht bis die Presse die eingestellte Temperatur erreicht<\/li>\n<li>Heizelement in eine Aluminiumplatte gegossen<\/li>\n<li>Lebenslange Garantie f\u00fcr die Heizplatte<\/li>\n<li>Stabile Struktur, massiver Aufbau<\/li>\n<li>Heizplatte mit austauschbarem Teflonschutz.<\/li>\n<\/ul>\n<p>&nbsp;<\/p>\n<div class=\"title accordion-title\" data-role=\"accordion-title\">\n<h2>Beschreibung<\/h2>\n<\/div>\n<h3>Gro\u00dfe automatisch-\u00f6ffnende manuelle flache Transferpresse mit Membran<\/h3>\n<div class=\"page\" title=\"Page 1\">\n<div class=\"section\">\n<div class=\"layoutArea\">\n<div class=\"column\">\n<p>Flache Membrantransferpresse in Gr\u00f6sse 40&#215;100 cm. Wegen die Membranplatte ist die Transferpresse leicht zu behandeln, trotz der Gr\u00f6sse mu\u00df man\u00a0beim \u00d6ffnen und Schlie\u00dfen keinen Kraft aus\u00fcben. Die Transferpresse \u00f6ffnet sich automatisch.<\/p>\n<\/div>\n<\/div>\n<\/div>\n<\/div>\n<h2>Spezifikationen<\/h2>\n<table>\n<tbody>\n<tr>\n<td>platte, heizplatte<\/td>\n<td>40&#215;100 cm<\/td>\n<\/tr>\n<tr>\n<td>membranplatte<\/td>\n<td><i class=\"fas fa-check\" style=\"\" aria-hidden=\"true\"><\/i><\/td>\n<\/tr>\n<tr>\n<td>wechselbare platte<\/td>\n<td><i class=\"fas fa-check\" style=\"\" aria-hidden=\"true\"><\/i><\/td>\n<\/tr>\n<tr>\n<td>automatische \u00f6ffnung<\/td>\n<td><i class=\"fas fa-check\" style=\"\" aria-hidden=\"true\"><\/i><\/td>\n<\/tr>\n<tr>\n<td>leistung<\/td>\n<td>400 V \/ 4200 W<\/td>\n<\/tr>\n<tr>\n<td>druckluftverbrauch<\/td>\n<td>30<\/td>\n<\/tr>\n<tr>\n<td>max. druckkraft<\/td>\n<td>0.7<\/td>\n<\/tr>\n<tr>\n<td>max. materialdicke<\/td>\n<td>1,5 cm<\/td>\n<\/tr>\n<tr>\n<td>verstellbare plattenh\u00f6he<\/td>\n<td><i class=\"fas fa-check\" style=\"\" aria-hidden=\"true\"><\/i><\/td>\n<\/tr>\n<tr>\n<td>gr\u00f6sse<\/td>\n<td>65x105x40 cm<\/td>\n<\/tr>\n<tr>\n<td>gewicht<\/td>\n<td>100 kg<\/td>\n<\/tr>\n<\/tbody>\n<\/table>","protected":false},"excerpt":{"rendered":"<p>Automatische \u00f6ffnung. Gro\u00dfer Druck. Programierte oder manuelle Zeiteinstellung. Timer f\u00fcr Arbeitsschritte nach dem Pressvorgang Anpassbares Steuerger\u00e4t. Z\u00e4hlwerk (Reset m\u00f6glich) Schutz gegen Einschaltung nach Stromausfall System-Pr\u00fcfung beim<span class=\"excerpt-hellip\"> [\u2026]<\/span><\/p>\n","protected":false},"featured_media":904,"comment_status":"open","ping_status":"closed","template":"","meta":[],"product_brand":[],"product_cat":[174,164],"product_tag":[],"class_list":{"0":"post-903","1":"product","2":"type-product","3":"status-publish","4":"has-post-thumbnail","6":"product_cat-manuel","7":"product_cat-pressen","9":"first","10":"instock","11":"taxable","12":"shipping-taxable","13":"purchasable","14":"product-type-simple"},"_links":{"self":[{"href":"https:\/\/dtfprint.store\/en\/wp-json\/wp\/v2\/product\/903","targetHints":{"allow":["GET"]}}],"collection":[{"href":"https:\/\/dtfprint.store\/en\/wp-json\/wp\/v2\/product"}],"about":[{"href":"https:\/\/dtfprint.store\/en\/wp-json\/wp\/v2\/types\/product"}],"replies":[{"embeddable":true,"href":"https:\/\/dtfprint.store\/en\/wp-json\/wp\/v2\/comments?post=903"}],"wp:featuredmedia":[{"embeddable":true,"href":"https:\/\/dtfprint.store\/en\/wp-json\/wp\/v2\/media\/904"}],"wp:attachment":[{"href":"https:\/\/dtfprint.store\/en\/wp-json\/wp\/v2\/media?parent=903"}],"wp:term":[{"taxonomy":"product_brand","embeddable":true,"href":"https:\/\/dtfprint.store\/en\/wp-json\/wp\/v2\/product_brand?post=903"},{"taxonomy":"product_cat","embeddable":true,"href":"https:\/\/dtfprint.store\/en\/wp-json\/wp\/v2\/product_cat?post=903"},{"taxonomy":"product_tag","embeddable":true,"href":"https:\/\/dtfprint.store\/en\/wp-json\/wp\/v2\/product_tag?post=903"}],"curies":[{"name":"wp","href":"https:\/\/api.w.org\/{rel}","templated":true}]}}