{"id":916,"date":"2024-02-19T15:30:37","date_gmt":"2024-02-19T14:30:37","guid":{"rendered":"https:\/\/dtfprint.store\/?post_type=product&#038;p=916"},"modified":"2025-11-27T22:42:50","modified_gmt":"2025-11-27T21:42:50","slug":"epson-i3200-a1-wasser-druckkopf","status":"publish","type":"product","link":"https:\/\/dtfprint.store\/en\/product\/epson-i3200-a1-wasser-druckkopf\/","title":{"rendered":"Epson I3200-A1 Wasser Druckkopf"},"content":{"rendered":"<p>Der Epson I3200-A1 Water ist eine kosteng\u00fcnstige MEM-Kopfserie mit 2,54 cm Breite, die hohe Produktivit\u00e4t und hohe Bildqualit\u00e4t mit einer Aufl\u00f6sung von 600 dpi und hoher Dichte bietet. Dieser Druckkopf ist f\u00fcr wasserbasierte Tinten geeignet. Der Kopf enth\u00e4lt einen Verteiler.<\/p>\n<p>Garantie: Aufgrund der Beschaffenheit von DTF-Tinten k\u00f6nnen wir keine R\u00fccksendungen, Umtausche oder R\u00fcckerstattungen akzeptieren, sobald der Druckkopf installiert wurde. Alle Verk\u00e4ufe sind endg\u00fcltig.<\/p>","protected":false},"excerpt":{"rendered":"<p>Der Epson I3200-A1 Water ist eine kosteng\u00fcnstige MEM-Kopfserie mit 2,54 cm Breite, die hohe Produktivit\u00e4t und hohe Bildqualit\u00e4t mit einer Aufl\u00f6sung von 600 dpi und hoher<span class=\"excerpt-hellip\"> [\u2026]<\/span><\/p>\n","protected":false},"featured_media":918,"comment_status":"open","ping_status":"closed","template":"","meta":[],"product_brand":[],"product_cat":[163],"product_tag":[],"class_list":{"0":"post-916","1":"product","2":"type-product","3":"status-publish","4":"has-post-thumbnail","6":"product_cat-ersatzteile","8":"first","9":"instock","10":"taxable","11":"shipping-taxable","12":"purchasable","13":"product-type-simple"},"_links":{"self":[{"href":"https:\/\/dtfprint.store\/en\/wp-json\/wp\/v2\/product\/916","targetHints":{"allow":["GET"]}}],"collection":[{"href":"https:\/\/dtfprint.store\/en\/wp-json\/wp\/v2\/product"}],"about":[{"href":"https:\/\/dtfprint.store\/en\/wp-json\/wp\/v2\/types\/product"}],"replies":[{"embeddable":true,"href":"https:\/\/dtfprint.store\/en\/wp-json\/wp\/v2\/comments?post=916"}],"wp:featuredmedia":[{"embeddable":true,"href":"https:\/\/dtfprint.store\/en\/wp-json\/wp\/v2\/media\/918"}],"wp:attachment":[{"href":"https:\/\/dtfprint.store\/en\/wp-json\/wp\/v2\/media?parent=916"}],"wp:term":[{"taxonomy":"product_brand","embeddable":true,"href":"https:\/\/dtfprint.store\/en\/wp-json\/wp\/v2\/product_brand?post=916"},{"taxonomy":"product_cat","embeddable":true,"href":"https:\/\/dtfprint.store\/en\/wp-json\/wp\/v2\/product_cat?post=916"},{"taxonomy":"product_tag","embeddable":true,"href":"https:\/\/dtfprint.store\/en\/wp-json\/wp\/v2\/product_tag?post=916"}],"curies":[{"name":"wp","href":"https:\/\/api.w.org\/{rel}","templated":true}]}}